{"id":205,"date":"2025-10-03T10:47:10","date_gmt":"2025-10-03T13:47:10","guid":{"rendered":"https:\/\/tessa.eng.br\/?page_id=205"},"modified":"2025-11-28T14:53:42","modified_gmt":"2025-11-28T17:53:42","slug":"sobre","status":"publish","type":"page","link":"https:\/\/tessa.eng.br\/es\/sobre\/","title":{"rendered":"Sobre"},"content":{"rendered":"<div data-elementor-type=\"wp-page\" data-elementor-id=\"205\" class=\"elementor elementor-205\">\n\t\t\t\t<div class=\"elementor-element elementor-element-7b92760 e-flex e-con-boxed wpr-particle-no wpr-jarallax-no wpr-parallax-no wpr-sticky-section-no e-con e-parent\" data-id=\"7b92760\" data-element_type=\"container\" data-settings=\"{&quot;background_background&quot;:&quot;classic&quot;}\">\n\t\t\t\t\t<div class=\"e-con-inner\">\n\t\t\t\t<div class=\"elementor-element elementor-element-df674d6 elementor-widget elementor-widget-heading\" data-id=\"df674d6\" data-element_type=\"widget\" data-widget_type=\"heading.default\">\n\t\t\t\t\t<h1 class=\"elementor-heading-title elementor-size-default\">Sobre a Tessa<\/h1>\t\t\t\t<\/div>\n\t\t\t\t\t<\/div>\n\t\t\t\t<\/div>\n\t\t<div class=\"elementor-element elementor-element-d0d3205 e-flex e-con-boxed wpr-particle-no wpr-jarallax-no wpr-parallax-no wpr-sticky-section-no e-con e-parent\" data-id=\"d0d3205\" data-element_type=\"container\">\n\t\t\t\t\t<div class=\"e-con-inner\">\n\t\t\t\t<div class=\"elementor-element elementor-element-b4a7a0f video_iframe elementor-widget elementor-widget-shortcode\" data-id=\"b4a7a0f\" data-element_type=\"widget\" data-widget_type=\"shortcode.default\">\n\t\t\t\t\t\t\t<div class=\"elementor-shortcode\">\n\n\n <iframe width=\"100\" height=\"600\" src=\"https:\/\/www.youtube.com\/embed\/eGdFPCZYNYQ?si=7X0-PeI9A-Z5Blo2\" title=\"YouTube video player\" frameborder=\"0\" allow=\"accelerometer; autoplay; clipboard-write; encrypted-media; gyroscope; picture-in-picture; web-share\" referrerpolicy=\"strict-origin-when-cross-origin\" allowfullscreen><\/iframe>\n<\/div>\n\t\t\t\t\t\t<\/div>\n\t\t\t\t<div class=\"elementor-element elementor-element-dd401a6 elementor-widget elementor-widget-heading\" data-id=\"dd401a6\" data-element_type=\"widget\" data-widget_type=\"heading.default\">\n\t\t\t\t\t<h2 class=\"elementor-heading-title elementor-size-default\">\u00a1Somos Tessa!<\/h2>\t\t\t\t<\/div>\n\t\t\t\t<div class=\"elementor-element elementor-element-13a8d37 elementor-widget-divider--view-line elementor-widget elementor-widget-divider\" data-id=\"13a8d37\" data-element_type=\"widget\" data-widget_type=\"divider.default\">\n\t\t\t\t\t\t\t<div class=\"elementor-divider\">\n\t\t\t<span class=\"elementor-divider-separator\">\n\t\t\t\t\t\t<\/span>\n\t\t<\/div>\n\t\t\t\t\t\t<\/div>\n\t\t\t\t<div class=\"elementor-element elementor-element-9a6a15d elementor-widget elementor-widget-text-editor\" data-id=\"9a6a15d\" data-element_type=\"widget\" data-widget_type=\"text-editor.default\">\n\t\t\t\t\t\t\t\t\t<p>Fundada en 2001, Tessa es pionera en la tecnolog\u00eda y el desarrollo de estructuras de acero galvanizado para techos, con distribuci\u00f3n en todo Brasil. La empresa es reconocida por la calidad de sus productos y su r\u00e1pida entrega, adem\u00e1s de colaborar con las constructoras m\u00e1s importantes del pa\u00eds.<\/p><p>En su b\u00fasqueda de innovaci\u00f3n y diversificaci\u00f3n de productos, Tessa invirti\u00f3 en nuevos equipos y en la capacitaci\u00f3n de su equipo de ingenier\u00eda en 2011. El resultado fue el lanzamiento de nuevos productos: Carport, Estructura de Suelo, Galp\u00f3n Av\u00edcola y Perfiles Especiales.<\/p>\t\t\t\t\t\t\t\t<\/div>\n\t\t\t\t\t<\/div>\n\t\t\t\t<\/div>\n\t\t<div class=\"elementor-element elementor-element-1070ccd e-flex e-con-boxed wpr-particle-no wpr-jarallax-no wpr-parallax-no wpr-sticky-section-no e-con e-parent\" data-id=\"1070ccd\" data-element_type=\"container\" data-settings=\"{&quot;background_background&quot;:&quot;classic&quot;}\">\n\t\t\t\t\t<div class=\"e-con-inner\">\n\t\t<div class=\"elementor-element elementor-element-854b18e e-con-full e-flex wpr-particle-no wpr-jarallax-no wpr-parallax-no wpr-sticky-section-no e-con e-child\" data-id=\"854b18e\" data-element_type=\"container\">\n\t\t<div class=\"elementor-element elementor-element-abbfea4 e-con-full e-flex wpr-particle-no wpr-jarallax-no wpr-parallax-no wpr-sticky-section-no e-con e-child\" data-id=\"abbfea4\" data-element_type=\"container\">\n\t\t\t\t<div class=\"elementor-element elementor-element-ebc103c elementor-widget elementor-widget-image\" data-id=\"ebc103c\" data-element_type=\"widget\" data-widget_type=\"image.default\">\n\t\t\t\t\t\t\t\t\t\t\t\t\t\t\t<img decoding=\"async\" width=\"111\" height=\"83\" src=\"https:\/\/tessa.eng.br\/wp-content\/uploads\/2025\/10\/icon-mission.svg\" class=\"attachment-large size-large wp-image-213\" alt=\"\u00cdcone Miss\u00e3o Tessa\" \/>\t\t\t\t\t\t\t\t\t\t\t\t\t\t\t<\/div>\n\t\t\t\t<div class=\"elementor-element elementor-element-3b1ff0f elementor-widget elementor-widget-heading\" data-id=\"3b1ff0f\" data-element_type=\"widget\" data-widget_type=\"heading.default\">\n\t\t\t\t\t<h3 class=\"elementor-heading-title elementor-size-default\">Misi\u00f3n<\/h3>\t\t\t\t<\/div>\n\t\t\t\t<div class=\"elementor-element elementor-element-fc18f0b remove_br_tablet elementor-widget elementor-widget-text-editor\" data-id=\"fc18f0b\" data-element_type=\"widget\" data-widget_type=\"text-editor.default\">\n\t\t\t\t\t\t\t\t\t<p>Producir soluciones estructurales <br \/>en acero galvanizado para los sectores <br \/>de construcci\u00f3n, agroindustria y <br \/>energ\u00eda solar en el mercado nacional.<\/p>\t\t\t\t\t\t\t\t<\/div>\n\t\t\t\t<\/div>\n\t\t<div class=\"elementor-element elementor-element-3f9aef7 e-con-full e-flex wpr-particle-no wpr-jarallax-no wpr-parallax-no wpr-sticky-section-no e-con e-child\" data-id=\"3f9aef7\" data-element_type=\"container\">\n\t\t\t\t<div class=\"elementor-element elementor-element-9d6b4c1 elementor-widget elementor-widget-image\" data-id=\"9d6b4c1\" data-element_type=\"widget\" data-widget_type=\"image.default\">\n\t\t\t\t\t\t\t\t\t\t\t\t\t\t\t<img decoding=\"async\" width=\"72\" height=\"99\" src=\"https:\/\/tessa.eng.br\/wp-content\/uploads\/2025\/10\/icon-vision.svg\" class=\"attachment-large size-large wp-image-215\" alt=\"\u00cdcone Vis\u00e3o Tessa\" \/>\t\t\t\t\t\t\t\t\t\t\t\t\t\t\t<\/div>\n\t\t\t\t<div class=\"elementor-element elementor-element-c9fa22d elementor-widget elementor-widget-heading\" data-id=\"c9fa22d\" data-element_type=\"widget\" data-widget_type=\"heading.default\">\n\t\t\t\t\t<h3 class=\"elementor-heading-title elementor-size-default\">Visi\u00f3n<\/h3>\t\t\t\t<\/div>\n\t\t\t\t<div class=\"elementor-element elementor-element-3efdaed remove_br_tablet elementor-widget elementor-widget-text-editor\" data-id=\"3efdaed\" data-element_type=\"widget\" data-widget_type=\"text-editor.default\">\n\t\t\t\t\t\t\t\t\t<p>Identificar y desarrollar productos <br \/>innovadores que satisfagan las <br \/>necesidades del mercado, impulsando el <br \/>crecimiento en los sectores antes mencionados.<\/p>\t\t\t\t\t\t\t\t<\/div>\n\t\t\t\t<\/div>\n\t\t<div class=\"elementor-element elementor-element-3c917e9 e-con-full e-flex wpr-particle-no wpr-jarallax-no wpr-parallax-no wpr-sticky-section-no e-con e-child\" data-id=\"3c917e9\" data-element_type=\"container\">\n\t\t\t\t<div class=\"elementor-element elementor-element-b1f3838 elementor-widget elementor-widget-image\" data-id=\"b1f3838\" data-element_type=\"widget\" data-widget_type=\"image.default\">\n\t\t\t\t\t\t\t\t\t\t\t\t\t\t\t<img decoding=\"async\" width=\"78\" height=\"81\" src=\"https:\/\/tessa.eng.br\/wp-content\/uploads\/2025\/10\/icon-values.svg\" class=\"attachment-large size-large wp-image-214\" alt=\"\u00cdcone Valores Tessa\" \/>\t\t\t\t\t\t\t\t\t\t\t\t\t\t\t<\/div>\n\t\t\t\t<div class=\"elementor-element elementor-element-2b77074 elementor-widget elementor-widget-heading\" data-id=\"2b77074\" data-element_type=\"widget\" data-widget_type=\"heading.default\">\n\t\t\t\t\t<h3 class=\"elementor-heading-title elementor-size-default\">Valores<\/h3>\t\t\t\t<\/div>\n\t\t\t\t<div class=\"elementor-element elementor-element-97d22a1 remove_br_tablet elementor-widget elementor-widget-text-editor\" data-id=\"97d22a1\" data-element_type=\"widget\" data-widget_type=\"text-editor.default\">\n\t\t\t\t\t\t\t\t\t<p>Compromiso con servicios de calidad, <br \/>proceso de producci\u00f3n riguroso, <br \/>entrega r\u00e1pida y satisfacci\u00f3n <br \/>del cliente.<\/p>\t\t\t\t\t\t\t\t<\/div>\n\t\t\t\t<\/div>\n\t\t\t\t<\/div>\n\t\t\t\t\t<\/div>\n\t\t\t\t<\/div>\n\t\t\t\t<\/div>","protected":false},"excerpt":{"rendered":"<p>Sobre a Tessa N\u00f3s somos a Tessa! Fundada em 2001, a Tessa \u00e9 pioneira na tecnologia e no desenvolvimento de Estruturas Met\u00e1licas para Telhados em a\u00e7o galvanizado com distribui\u00e7\u00e3o para todo o Brasil. A ind\u00fastria \u00e9 reconhecida pela qualidade de seus produtos e agilidade na entrega, al\u00e9m de trabalhar em parceria com as maiores construtoras do pa\u00eds. Na busca por inova\u00e7\u00e3o e diversifica\u00e7\u00e3o de produtos, em 2011, a Tessa investiu em novos equipamentos e na qualifica\u00e7\u00e3o do seu quadro de engenheiros. O resultado foi o lan\u00e7amento de novos produtos: Carport, Estrutura de Solo, Estruturas para Avi\u00e1rios e Perfil Especial. Miss\u00e3o Nossa miss\u00e3o \u00e9 fazer nossos clientes supersatisfeitos, enquanto fornecemos produtos e servi\u00e7os excelentes de forma lucrativa. Vis\u00e3o Nossa vis\u00e3o \u00e9 de uma empresa s\u00e9ria, organizada e lucrativa. Uma comunidade de pessoas bacanas, competentes e naturalmente motivadas. Valores Nossos valores s\u00e3o honestidade, generosidade, profissionalismo, respeito as normas conhecimento e trabalho.<\/p>","protected":false},"author":1,"featured_media":0,"parent":0,"menu_order":0,"comment_status":"closed","ping_status":"closed","template":"elementor_header_footer","meta":{"footnotes":""},"class_list":["post-205","page","type-page","status-publish","hentry"],"yoast_head":"<!-- This site is optimized with the Yoast SEO plugin v26.5 - https:\/\/yoast.com\/wordpress\/plugins\/seo\/ -->\n<title>Ind\u00fastria de Estruturas Met\u00e1licas desde 2001 | Tessa<\/title>\n<meta name=\"description\" content=\"Conhe\u00e7a a Tessa: Tecnologia de ponta em a\u00e7o galvanizado. Mais de 200 mil obras realizadas com qualidade, entrega pontual e rigor t\u00e9cnico.\" \/>\n<meta name=\"robots\" content=\"index, follow, max-snippet:-1, max-image-preview:large, max-video-preview:-1\" \/>\n<link rel=\"canonical\" href=\"https:\/\/tessa.eng.br\/es\/sobre\/\" \/>\n<meta property=\"og:locale\" content=\"es_ES\" \/>\n<meta property=\"og:type\" content=\"article\" \/>\n<meta property=\"og:title\" content=\"Ind\u00fastria de Estruturas Met\u00e1licas desde 2001 | Tessa\" \/>\n<meta property=\"og:description\" content=\"Conhe\u00e7a a Tessa: Tecnologia de ponta em a\u00e7o galvanizado. Mais de 200 mil obras realizadas com qualidade, entrega pontual e rigor t\u00e9cnico.\" \/>\n<meta property=\"og:url\" content=\"https:\/\/tessa.eng.br\/es\/sobre\/\" \/>\n<meta property=\"og:site_name\" content=\"Tessa - Perfil Especial e Estrutura para Telhados de Qualidade\" \/>\n<meta property=\"article:publisher\" content=\"https:\/\/www.facebook.com\/tessa.eng.br\" \/>\n<meta property=\"article:modified_time\" content=\"2025-11-28T17:53:42+00:00\" \/>\n<meta name=\"twitter:card\" content=\"summary_large_image\" \/>\n<meta name=\"twitter:label1\" content=\"Tiempo de lectura\" \/>\n\t<meta name=\"twitter:data1\" content=\"1 minuto\" \/>\n<script type=\"application\/ld+json\" class=\"yoast-schema-graph\">{\"@context\":\"https:\/\/schema.org\",\"@graph\":[{\"@type\":\"WebPage\",\"@id\":\"https:\/\/tessa.eng.br\/sobre\/\",\"url\":\"https:\/\/tessa.eng.br\/sobre\/\",\"name\":\"Ind\u00fastria de Estruturas Met\u00e1licas desde 2001 | Tessa\",\"isPartOf\":{\"@id\":\"https:\/\/tessa.eng.br\/#website\"},\"primaryImageOfPage\":{\"@id\":\"https:\/\/tessa.eng.br\/sobre\/#primaryimage\"},\"image\":{\"@id\":\"https:\/\/tessa.eng.br\/sobre\/#primaryimage\"},\"thumbnailUrl\":\"https:\/\/tessa.eng.br\/wp-content\/uploads\/2025\/10\/icon-mission.svg\",\"datePublished\":\"2025-10-03T13:47:10+00:00\",\"dateModified\":\"2025-11-28T17:53:42+00:00\",\"description\":\"Conhe\u00e7a a Tessa: Tecnologia de ponta em a\u00e7o galvanizado. Mais de 200 mil obras realizadas com qualidade, entrega pontual e rigor t\u00e9cnico.\",\"breadcrumb\":{\"@id\":\"https:\/\/tessa.eng.br\/sobre\/#breadcrumb\"},\"inLanguage\":\"es-CO\",\"potentialAction\":[{\"@type\":\"ReadAction\",\"target\":[\"https:\/\/tessa.eng.br\/sobre\/\"]}]},{\"@type\":\"ImageObject\",\"inLanguage\":\"es-CO\",\"@id\":\"https:\/\/tessa.eng.br\/sobre\/#primaryimage\",\"url\":\"https:\/\/tessa.eng.br\/wp-content\/uploads\/2025\/10\/icon-mission.svg\",\"contentUrl\":\"https:\/\/tessa.eng.br\/wp-content\/uploads\/2025\/10\/icon-mission.svg\"},{\"@type\":\"BreadcrumbList\",\"@id\":\"https:\/\/tessa.eng.br\/sobre\/#breadcrumb\",\"itemListElement\":[{\"@type\":\"ListItem\",\"position\":1,\"name\":\"In\u00edcio\",\"item\":\"https:\/\/tessa.eng.br\/\"},{\"@type\":\"ListItem\",\"position\":2,\"name\":\"Sobre\"}]},{\"@type\":\"WebSite\",\"@id\":\"https:\/\/tessa.eng.br\/#website\",\"url\":\"https:\/\/tessa.eng.br\/\",\"name\":\"Tessa - Perfil Especial e Estrutura para Telhados de Qualidade\",\"description\":\"\",\"publisher\":{\"@id\":\"https:\/\/tessa.eng.br\/#organization\"},\"potentialAction\":[{\"@type\":\"SearchAction\",\"target\":{\"@type\":\"EntryPoint\",\"urlTemplate\":\"https:\/\/tessa.eng.br\/?s={search_term_string}\"},\"query-input\":{\"@type\":\"PropertyValueSpecification\",\"valueRequired\":true,\"valueName\":\"search_term_string\"}}],\"inLanguage\":\"es-CO\"},{\"@type\":\"Organization\",\"@id\":\"https:\/\/tessa.eng.br\/#organization\",\"name\":\"Tessa - Perfil Especial e Estrutura para Telhados de Qualidade\",\"url\":\"https:\/\/tessa.eng.br\/\",\"logo\":{\"@type\":\"ImageObject\",\"inLanguage\":\"es-CO\",\"@id\":\"https:\/\/tessa.eng.br\/#\/schema\/logo\/image\/\",\"url\":\"https:\/\/tessa.eng.br\/wp-content\/uploads\/2025\/10\/Logo_Tessa.webp\",\"contentUrl\":\"https:\/\/tessa.eng.br\/wp-content\/uploads\/2025\/10\/Logo_Tessa.webp\",\"width\":142,\"height\":57,\"caption\":\"Tessa - Perfil Especial e Estrutura para Telhados de Qualidade\"},\"image\":{\"@id\":\"https:\/\/tessa.eng.br\/#\/schema\/logo\/image\/\"},\"sameAs\":[\"https:\/\/www.facebook.com\/tessa.eng.br\",\"https:\/\/www.instagram.com\/tessa.eng.br\/\"]}]}<\/script>\n<!-- \/ Yoast SEO plugin. -->","yoast_head_json":{"title":"Ind\u00fastria de Estruturas Met\u00e1licas desde 2001 | Tessa","description":"Conhe\u00e7a a Tessa: Tecnologia de ponta em a\u00e7o galvanizado. Mais de 200 mil obras realizadas com qualidade, entrega pontual e rigor t\u00e9cnico.","robots":{"index":"index","follow":"follow","max-snippet":"max-snippet:-1","max-image-preview":"max-image-preview:large","max-video-preview":"max-video-preview:-1"},"canonical":"https:\/\/tessa.eng.br\/es\/sobre\/","og_locale":"es_ES","og_type":"article","og_title":"Ind\u00fastria de Estruturas Met\u00e1licas desde 2001 | Tessa","og_description":"Conhe\u00e7a a Tessa: Tecnologia de ponta em a\u00e7o galvanizado. Mais de 200 mil obras realizadas com qualidade, entrega pontual e rigor t\u00e9cnico.","og_url":"https:\/\/tessa.eng.br\/es\/sobre\/","og_site_name":"Tessa - Perfil Especial e Estrutura para Telhados de Qualidade","article_publisher":"https:\/\/www.facebook.com\/tessa.eng.br","article_modified_time":"2025-11-28T17:53:42+00:00","twitter_card":"summary_large_image","twitter_misc":{"Tiempo de lectura":"1 minuto"},"schema":{"@context":"https:\/\/schema.org","@graph":[{"@type":"WebPage","@id":"https:\/\/tessa.eng.br\/sobre\/","url":"https:\/\/tessa.eng.br\/sobre\/","name":"Ind\u00fastria de Estruturas Met\u00e1licas desde 2001 | Tessa","isPartOf":{"@id":"https:\/\/tessa.eng.br\/#website"},"primaryImageOfPage":{"@id":"https:\/\/tessa.eng.br\/sobre\/#primaryimage"},"image":{"@id":"https:\/\/tessa.eng.br\/sobre\/#primaryimage"},"thumbnailUrl":"https:\/\/tessa.eng.br\/wp-content\/uploads\/2025\/10\/icon-mission.svg","datePublished":"2025-10-03T13:47:10+00:00","dateModified":"2025-11-28T17:53:42+00:00","description":"Conhe\u00e7a a Tessa: Tecnologia de ponta em a\u00e7o galvanizado. Mais de 200 mil obras realizadas com qualidade, entrega pontual e rigor t\u00e9cnico.","breadcrumb":{"@id":"https:\/\/tessa.eng.br\/sobre\/#breadcrumb"},"inLanguage":"es-CO","potentialAction":[{"@type":"ReadAction","target":["https:\/\/tessa.eng.br\/sobre\/"]}]},{"@type":"ImageObject","inLanguage":"es-CO","@id":"https:\/\/tessa.eng.br\/sobre\/#primaryimage","url":"https:\/\/tessa.eng.br\/wp-content\/uploads\/2025\/10\/icon-mission.svg","contentUrl":"https:\/\/tessa.eng.br\/wp-content\/uploads\/2025\/10\/icon-mission.svg"},{"@type":"BreadcrumbList","@id":"https:\/\/tessa.eng.br\/sobre\/#breadcrumb","itemListElement":[{"@type":"ListItem","position":1,"name":"In\u00edcio","item":"https:\/\/tessa.eng.br\/"},{"@type":"ListItem","position":2,"name":"Sobre"}]},{"@type":"WebSite","@id":"https:\/\/tessa.eng.br\/#website","url":"https:\/\/tessa.eng.br\/","name":"Tessa - Perfil Especial e Estrutura para Telhados de Qualidade","description":"","publisher":{"@id":"https:\/\/tessa.eng.br\/#organization"},"potentialAction":[{"@type":"SearchAction","target":{"@type":"EntryPoint","urlTemplate":"https:\/\/tessa.eng.br\/?s={search_term_string}"},"query-input":{"@type":"PropertyValueSpecification","valueRequired":true,"valueName":"search_term_string"}}],"inLanguage":"es-CO"},{"@type":"Organization","@id":"https:\/\/tessa.eng.br\/#organization","name":"Tessa - Perfil Especial e Estrutura para Telhados de Qualidade","url":"https:\/\/tessa.eng.br\/","logo":{"@type":"ImageObject","inLanguage":"es-CO","@id":"https:\/\/tessa.eng.br\/#\/schema\/logo\/image\/","url":"https:\/\/tessa.eng.br\/wp-content\/uploads\/2025\/10\/Logo_Tessa.webp","contentUrl":"https:\/\/tessa.eng.br\/wp-content\/uploads\/2025\/10\/Logo_Tessa.webp","width":142,"height":57,"caption":"Tessa - Perfil Especial e Estrutura para Telhados de Qualidade"},"image":{"@id":"https:\/\/tessa.eng.br\/#\/schema\/logo\/image\/"},"sameAs":["https:\/\/www.facebook.com\/tessa.eng.br","https:\/\/www.instagram.com\/tessa.eng.br\/"]}]}},"_links":{"self":[{"href":"https:\/\/tessa.eng.br\/es\/wp-json\/wp\/v2\/pages\/205","targetHints":{"allow":["GET"]}}],"collection":[{"href":"https:\/\/tessa.eng.br\/es\/wp-json\/wp\/v2\/pages"}],"about":[{"href":"https:\/\/tessa.eng.br\/es\/wp-json\/wp\/v2\/types\/page"}],"author":[{"embeddable":true,"href":"https:\/\/tessa.eng.br\/es\/wp-json\/wp\/v2\/users\/1"}],"replies":[{"embeddable":true,"href":"https:\/\/tessa.eng.br\/es\/wp-json\/wp\/v2\/comments?post=205"}],"version-history":[{"count":58,"href":"https:\/\/tessa.eng.br\/es\/wp-json\/wp\/v2\/pages\/205\/revisions"}],"predecessor-version":[{"id":2438,"href":"https:\/\/tessa.eng.br\/es\/wp-json\/wp\/v2\/pages\/205\/revisions\/2438"}],"wp:attachment":[{"href":"https:\/\/tessa.eng.br\/es\/wp-json\/wp\/v2\/media?parent=205"}],"curies":[{"name":"wp","href":"https:\/\/api.w.org\/{rel}","templated":true}]}}