{"id":2518,"date":"2026-01-13T10:35:55","date_gmt":"2026-01-13T13:35:55","guid":{"rendered":"https:\/\/tessa.eng.br\/?page_id=2518"},"modified":"2026-04-02T17:43:36","modified_gmt":"2026-04-02T20:43:36","slug":"videos","status":"publish","type":"page","link":"https:\/\/tessa.eng.br\/es\/videos\/","title":{"rendered":"V\u00eddeos"},"content":{"rendered":"<div data-elementor-type=\"wp-page\" data-elementor-id=\"2518\" class=\"elementor elementor-2518\">\n\t\t\t\t<div class=\"elementor-element elementor-element-ed5733a e-flex e-con-boxed wpr-particle-no wpr-jarallax-no wpr-parallax-no wpr-sticky-section-no e-con e-parent\" data-id=\"ed5733a\" data-element_type=\"container\" data-settings=\"{&quot;background_background&quot;:&quot;classic&quot;}\">\n\t\t\t\t\t<div class=\"e-con-inner\">\n\t\t\t\t<div class=\"elementor-element elementor-element-8b21723 elementor-widget elementor-widget-heading\" data-id=\"8b21723\" data-element_type=\"widget\" data-widget_type=\"heading.default\">\n\t\t\t\t\t<h1 class=\"elementor-heading-title elementor-size-default\">V\u00eddeos<\/h1>\t\t\t\t<\/div>\n\t\t\t\t\t<\/div>\n\t\t\t\t<\/div>\n\t\t<div class=\"elementor-element elementor-element-e895497 e-flex e-con-boxed wpr-particle-no wpr-jarallax-no wpr-parallax-no wpr-sticky-section-no e-con e-parent\" data-id=\"e895497\" data-element_type=\"container\">\n\t\t\t\t\t<div class=\"e-con-inner\">\n\t\t<div class=\"elementor-element elementor-element-7d3c22f e-con-full e-flex wpr-particle-no wpr-jarallax-no wpr-parallax-no wpr-sticky-section-no e-con e-child\" data-id=\"7d3c22f\" data-element_type=\"container\">\n\t\t<div class=\"elementor-element elementor-element-bf7eca6 e-con-full e-flex wpr-particle-no wpr-jarallax-no wpr-parallax-no wpr-sticky-section-no e-con e-child\" data-id=\"bf7eca6\" data-element_type=\"container\">\n\t\t\t\t<div class=\"elementor-element elementor-element-fc12fd3 elementor-widget elementor-widget-video\" data-id=\"fc12fd3\" data-element_type=\"widget\" data-settings=\"{&quot;youtube_url&quot;:&quot;https:\\\/\\\/youtube.com\\\/shorts\\\/bVssFcRWTyg?feature=share&quot;,&quot;video_type&quot;:&quot;youtube&quot;,&quot;controls&quot;:&quot;yes&quot;}\" data-widget_type=\"video.default\">\n\t\t\t\t\t\t\t<div class=\"elementor-wrapper elementor-open-inline\">\n\t\t\t<div class=\"elementor-video\"><\/div>\t\t<\/div>\n\t\t\t\t\t\t<\/div>\n\t\t\t\t<div class=\"elementor-element elementor-element-2bf4b8b elementor-widget elementor-widget-heading\" data-id=\"2bf4b8b\" data-element_type=\"widget\" data-widget_type=\"heading.default\">\n\t\t\t\t\t<h2 class=\"elementor-heading-title elementor-size-default\">Carport Solar Tessa | Alagoinhas\u2013BA | Parceria: Kersol <\/h2>\t\t\t\t<\/div>\n\t\t\t\t<\/div>\n\t\t<div class=\"elementor-element elementor-element-ef35d69 e-con-full e-flex wpr-particle-no wpr-jarallax-no wpr-parallax-no wpr-sticky-section-no e-con e-child\" data-id=\"ef35d69\" data-element_type=\"container\">\n\t\t\t\t<div class=\"elementor-element elementor-element-59aa3e4 elementor-widget elementor-widget-video\" data-id=\"59aa3e4\" data-element_type=\"widget\" data-settings=\"{&quot;youtube_url&quot;:&quot;https:\\\/\\\/youtu.be\\\/RVpRqO9nIQI&quot;,&quot;video_type&quot;:&quot;youtube&quot;,&quot;controls&quot;:&quot;yes&quot;}\" data-widget_type=\"video.default\">\n\t\t\t\t\t\t\t<div class=\"elementor-wrapper elementor-open-inline\">\n\t\t\t<div class=\"elementor-video\"><\/div>\t\t<\/div>\n\t\t\t\t\t\t<\/div>\n\t\t\t\t<div class=\"elementor-element elementor-element-ea263af elementor-widget elementor-widget-heading\" data-id=\"ea263af\" data-element_type=\"widget\" data-widget_type=\"heading.default\">\n\t\t\t\t\t<h2 class=\"elementor-heading-title elementor-size-default\">Carport Solar Tessa para BYD | Cama\u00e7ari\u2013BA | Parceria: Mais Luz Engenharia<\/h2>\t\t\t\t<\/div>\n\t\t\t\t<\/div>\n\t\t<div class=\"elementor-element elementor-element-846e19e e-con-full e-flex wpr-particle-no wpr-jarallax-no wpr-parallax-no wpr-sticky-section-no e-con e-child\" data-id=\"846e19e\" data-element_type=\"container\">\n\t\t\t\t<div class=\"elementor-element elementor-element-f445f5d elementor-widget elementor-widget-video\" data-id=\"f445f5d\" data-element_type=\"widget\" data-settings=\"{&quot;youtube_url&quot;:&quot;https:\\\/\\\/youtu.be\\\/kwc3t1tefDU&quot;,&quot;video_type&quot;:&quot;youtube&quot;,&quot;controls&quot;:&quot;yes&quot;}\" data-widget_type=\"video.default\">\n\t\t\t\t\t\t\t<div class=\"elementor-wrapper elementor-open-inline\">\n\t\t\t<div class=\"elementor-video\"><\/div>\t\t<\/div>\n\t\t\t\t\t\t<\/div>\n\t\t\t\t<div class=\"elementor-element elementor-element-6f0e5b3 elementor-widget elementor-widget-heading\" data-id=\"6f0e5b3\" data-element_type=\"widget\" data-widget_type=\"heading.default\">\n\t\t\t\t\t<h2 class=\"elementor-heading-title elementor-size-default\">Engradamento Met\u00e1lico I Estruturas Met\u00e1licas para Telhados: um produto, 100% Tessa<\/h2>\t\t\t\t<\/div>\n\t\t\t\t<\/div>\n\t\t\t\t<\/div>\n\t\t<div class=\"elementor-element elementor-element-983ae12 e-con-full e-flex wpr-particle-no wpr-jarallax-no wpr-parallax-no wpr-sticky-section-no e-con e-child\" data-id=\"983ae12\" data-element_type=\"container\">\n\t\t<div class=\"elementor-element elementor-element-f27f0ad e-con-full e-flex wpr-particle-no wpr-jarallax-no wpr-parallax-no wpr-sticky-section-no e-con e-child\" data-id=\"f27f0ad\" data-element_type=\"container\">\n\t\t\t\t<div class=\"elementor-element elementor-element-f16f82c elementor-widget elementor-widget-video\" data-id=\"f16f82c\" data-element_type=\"widget\" data-settings=\"{&quot;youtube_url&quot;:&quot;https:\\\/\\\/youtu.be\\\/dlCn_sDROgc&quot;,&quot;video_type&quot;:&quot;youtube&quot;,&quot;controls&quot;:&quot;yes&quot;}\" data-widget_type=\"video.default\">\n\t\t\t\t\t\t\t<div class=\"elementor-wrapper elementor-open-inline\">\n\t\t\t<div class=\"elementor-video\"><\/div>\t\t<\/div>\n\t\t\t\t\t\t<\/div>\n\t\t\t\t<div class=\"elementor-element elementor-element-1032501 elementor-widget elementor-widget-heading\" data-id=\"1032501\" data-element_type=\"widget\" data-widget_type=\"heading.default\">\n\t\t\t\t\t<h2 class=\"elementor-heading-title elementor-size-default\">Carport Solar: Entenda como unimos Engenharia de Estruturas e Energia Renov\u00e1vel<\/h2>\t\t\t\t<\/div>\n\t\t\t\t<\/div>\n\t\t<div class=\"elementor-element elementor-element-ccb5e8c e-con-full e-flex wpr-particle-no wpr-jarallax-no wpr-parallax-no wpr-sticky-section-no e-con e-child\" data-id=\"ccb5e8c\" data-element_type=\"container\">\n\t\t\t\t<div class=\"elementor-element elementor-element-55def83 elementor-widget elementor-widget-video\" data-id=\"55def83\" data-element_type=\"widget\" data-settings=\"{&quot;youtube_url&quot;:&quot;https:\\\/\\\/youtu.be\\\/AbAaFLjpkSE&quot;,&quot;video_type&quot;:&quot;youtube&quot;,&quot;controls&quot;:&quot;yes&quot;}\" data-widget_type=\"video.default\">\n\t\t\t\t\t\t\t<div class=\"elementor-wrapper elementor-open-inline\">\n\t\t\t<div class=\"elementor-video\"><\/div>\t\t<\/div>\n\t\t\t\t\t\t<\/div>\n\t\t\t\t<div class=\"elementor-element elementor-element-871e4bf elementor-widget elementor-widget-heading\" data-id=\"871e4bf\" data-element_type=\"widget\" data-widget_type=\"heading.default\">\n\t\t\t\t\t<h2 class=\"elementor-heading-title elementor-size-default\">Estruturas met\u00e1licas para telhas de fibrocimento ou met\u00e1licas<\/h2>\t\t\t\t<\/div>\n\t\t\t\t<\/div>\n\t\t<div class=\"elementor-element elementor-element-d22b60b e-con-full e-flex wpr-particle-no wpr-jarallax-no wpr-parallax-no wpr-sticky-section-no e-con e-child\" data-id=\"d22b60b\" data-element_type=\"container\">\n\t\t\t\t<div class=\"elementor-element elementor-element-69a8d9b elementor-widget elementor-widget-video\" data-id=\"69a8d9b\" data-element_type=\"widget\" data-settings=\"{&quot;youtube_url&quot;:&quot;https:\\\/\\\/youtu.be\\\/Fx9Qaq-XSEs&quot;,&quot;video_type&quot;:&quot;youtube&quot;,&quot;controls&quot;:&quot;yes&quot;}\" data-widget_type=\"video.default\">\n\t\t\t\t\t\t\t<div class=\"elementor-wrapper elementor-open-inline\">\n\t\t\t<div class=\"elementor-video\"><\/div>\t\t<\/div>\n\t\t\t\t\t\t<\/div>\n\t\t\t\t<div class=\"elementor-element elementor-element-0ba4c0b elementor-widget elementor-widget-heading\" data-id=\"0ba4c0b\" data-element_type=\"widget\" data-widget_type=\"heading.default\">\n\t\t\t\t\t<h2 class=\"elementor-heading-title elementor-size-default\">Estruturas met\u00e1licas para telhas de cer\u00e2mica ou concreto<\/h2>\t\t\t\t<\/div>\n\t\t\t\t<\/div>\n\t\t\t\t<\/div>\n\t\t<div class=\"elementor-element elementor-element-a9e2e8c e-con-full e-flex wpr-particle-no wpr-jarallax-no wpr-parallax-no wpr-sticky-section-no e-con e-child\" data-id=\"a9e2e8c\" data-element_type=\"container\">\n\t\t<div class=\"elementor-element elementor-element-307b661 e-con-full e-flex wpr-particle-no wpr-jarallax-no wpr-parallax-no wpr-sticky-section-no e-con e-child\" data-id=\"307b661\" data-element_type=\"container\">\n\t\t\t\t<div class=\"elementor-element elementor-element-a45a81b elementor-widget elementor-widget-video\" data-id=\"a45a81b\" data-element_type=\"widget\" data-settings=\"{&quot;youtube_url&quot;:&quot;https:\\\/\\\/youtu.be\\\/4tjaBKL-IOo&quot;,&quot;video_type&quot;:&quot;youtube&quot;,&quot;controls&quot;:&quot;yes&quot;}\" data-widget_type=\"video.default\">\n\t\t\t\t\t\t\t<div class=\"elementor-wrapper elementor-open-inline\">\n\t\t\t<div class=\"elementor-video\"><\/div>\t\t<\/div>\n\t\t\t\t\t\t<\/div>\n\t\t\t\t<div class=\"elementor-element elementor-element-755af00 elementor-widget elementor-widget-heading\" data-id=\"755af00\" data-element_type=\"widget\" data-widget_type=\"heading.default\">\n\t\t\t\t\t<h2 class=\"elementor-heading-title elementor-size-default\">O Desafio de Construir #04 CONSTRUTORA JOTANUNES | Tessa<\/h2>\t\t\t\t<\/div>\n\t\t\t\t<\/div>\n\t\t<div class=\"elementor-element elementor-element-889be79 e-con-full e-flex wpr-particle-no wpr-jarallax-no wpr-parallax-no wpr-sticky-section-no e-con e-child\" data-id=\"889be79\" data-element_type=\"container\">\n\t\t\t\t<div class=\"elementor-element elementor-element-b428485 elementor-widget elementor-widget-video\" data-id=\"b428485\" data-element_type=\"widget\" data-settings=\"{&quot;youtube_url&quot;:&quot;https:\\\/\\\/youtu.be\\\/krCZmzCEW04&quot;,&quot;video_type&quot;:&quot;youtube&quot;,&quot;controls&quot;:&quot;yes&quot;}\" data-widget_type=\"video.default\">\n\t\t\t\t\t\t\t<div class=\"elementor-wrapper elementor-open-inline\">\n\t\t\t<div class=\"elementor-video\"><\/div>\t\t<\/div>\n\t\t\t\t\t\t<\/div>\n\t\t\t\t<div class=\"elementor-element elementor-element-35ea721 elementor-widget elementor-widget-heading\" data-id=\"35ea721\" data-element_type=\"widget\" data-widget_type=\"heading.default\">\n\t\t\t\t\t<h2 class=\"elementor-heading-title elementor-size-default\">O Desafio de Construir #03 CONSTRUTORA PACAEMBU | Tessa<\/h2>\t\t\t\t<\/div>\n\t\t\t\t<\/div>\n\t\t<div class=\"elementor-element elementor-element-60a11fe e-con-full e-flex wpr-particle-no wpr-jarallax-no wpr-parallax-no wpr-sticky-section-no e-con e-child\" data-id=\"60a11fe\" data-element_type=\"container\">\n\t\t\t\t<div class=\"elementor-element elementor-element-0686096 elementor-widget elementor-widget-video\" data-id=\"0686096\" data-element_type=\"widget\" data-settings=\"{&quot;youtube_url&quot;:&quot;https:\\\/\\\/youtu.be\\\/rSQTdtokXQU&quot;,&quot;video_type&quot;:&quot;youtube&quot;,&quot;controls&quot;:&quot;yes&quot;}\" data-widget_type=\"video.default\">\n\t\t\t\t\t\t\t<div class=\"elementor-wrapper elementor-open-inline\">\n\t\t\t<div class=\"elementor-video\"><\/div>\t\t<\/div>\n\t\t\t\t\t\t<\/div>\n\t\t\t\t<div class=\"elementor-element elementor-element-c4380dc elementor-widget elementor-widget-heading\" data-id=\"c4380dc\" data-element_type=\"widget\" data-widget_type=\"heading.default\">\n\t\t\t\t\t<h2 class=\"elementor-heading-title elementor-size-default\">O Desafio de Construir #02 SERVE ENGENHARIA | Tessa<\/h2>\t\t\t\t<\/div>\n\t\t\t\t<\/div>\n\t\t\t\t<\/div>\n\t\t<div class=\"elementor-element elementor-element-61b960a e-con-full e-flex wpr-particle-no wpr-jarallax-no wpr-parallax-no wpr-sticky-section-no e-con e-child\" data-id=\"61b960a\" data-element_type=\"container\">\n\t\t<div class=\"elementor-element elementor-element-042df1b e-con-full e-flex wpr-particle-no wpr-jarallax-no wpr-parallax-no wpr-sticky-section-no e-con e-child\" data-id=\"042df1b\" data-element_type=\"container\">\n\t\t\t\t<div class=\"elementor-element elementor-element-f00b78a elementor-widget elementor-widget-video\" data-id=\"f00b78a\" data-element_type=\"widget\" data-settings=\"{&quot;youtube_url&quot;:&quot;https:\\\/\\\/youtu.be\\\/Ph23QFEcq8I&quot;,&quot;video_type&quot;:&quot;youtube&quot;,&quot;controls&quot;:&quot;yes&quot;}\" data-widget_type=\"video.default\">\n\t\t\t\t\t\t\t<div class=\"elementor-wrapper elementor-open-inline\">\n\t\t\t<div class=\"elementor-video\"><\/div>\t\t<\/div>\n\t\t\t\t\t\t<\/div>\n\t\t\t\t<div class=\"elementor-element elementor-element-06ff180 elementor-widget elementor-widget-heading\" data-id=\"06ff180\" data-element_type=\"widget\" data-widget_type=\"heading.default\">\n\t\t\t\t\t<h2 class=\"elementor-heading-title elementor-size-default\">O Desafio de Construir #01 MELLO ENGENHARIA | Tessa<\/h2>\t\t\t\t<\/div>\n\t\t\t\t<\/div>\n\t\t<div class=\"elementor-element elementor-element-5f6eb3c e-con-full e-flex wpr-particle-no wpr-jarallax-no wpr-parallax-no wpr-sticky-section-no e-con e-child\" data-id=\"5f6eb3c\" data-element_type=\"container\">\n\t\t\t\t<\/div>\n\t\t<div class=\"elementor-element elementor-element-ebd8f40 e-con-full e-flex wpr-particle-no wpr-jarallax-no wpr-parallax-no wpr-sticky-section-no e-con e-child\" data-id=\"ebd8f40\" data-element_type=\"container\">\n\t\t\t\t<\/div>\n\t\t\t\t<\/div>\n\t\t\t\t\t<\/div>\n\t\t\t\t<\/div>\n\t\t\t\t<\/div>","protected":false},"excerpt":{"rendered":"<p>V\u00eddeos https:\/\/youtube.com\/shorts\/bVssFcRWTyg?feature=share Carport Solar Tessa | Alagoinhas\u2013BA | Parceria: Kersol https:\/\/youtu.be\/RVpRqO9nIQI Carport Solar Tessa para BYD | Cama\u00e7ari\u2013BA | Parceria: Mais Luz Engenharia https:\/\/youtu.be\/kwc3t1tefDU Engradamento Met\u00e1lico I Estruturas Met\u00e1licas para Telhados: um produto, 100% Tessa https:\/\/youtu.be\/dlCn_sDROgc Carport Solar: Entenda como unimos Engenharia de Estruturas e Energia Renov\u00e1vel https:\/\/youtu.be\/AbAaFLjpkSE Estruturas met\u00e1licas para telhas de fibrocimento ou met\u00e1licas https:\/\/youtu.be\/Fx9Qaq-XSEs Estruturas met\u00e1licas para telhas de cer\u00e2mica ou concreto https:\/\/youtu.be\/4tjaBKL-IOo O Desafio de Construir #04 CONSTRUTORA JOTANUNES | Tessa https:\/\/youtu.be\/krCZmzCEW04 O Desafio de Construir #03 CONSTRUTORA PACAEMBU | Tessa https:\/\/youtu.be\/rSQTdtokXQU O Desafio de Construir #02 SERVE ENGENHARIA | Tessa https:\/\/youtu.be\/Ph23QFEcq8I O Desafio de Construir #01 MELLO ENGENHARIA | Tessa<\/p>","protected":false},"author":1,"featured_media":0,"parent":0,"menu_order":0,"comment_status":"closed","ping_status":"closed","template":"elementor_header_footer","meta":{"footnotes":""},"class_list":["post-2518","page","type-page","status-publish","hentry"],"yoast_head":"<!-- This site is optimized with the Yoast SEO plugin v26.5 - https:\/\/yoast.com\/wordpress\/plugins\/seo\/ -->\n<title>V\u00eddeos - Tessa - Perfil Especial e Estrutura para Telhados de Qualidade<\/title>\n<meta name=\"description\" content=\"Conhe\u00e7a a Tessa: Tecnologia de ponta em a\u00e7o galvanizado. Mais de 200 mil obras realizadas com qualidade, entrega pontual e rigor t\u00e9cnico.\" \/>\n<meta name=\"robots\" content=\"index, follow, max-snippet:-1, max-image-preview:large, max-video-preview:-1\" \/>\n<link rel=\"canonical\" href=\"https:\/\/tessa.eng.br\/es\/videos\/\" \/>\n<meta property=\"og:locale\" content=\"es_ES\" \/>\n<meta property=\"og:type\" content=\"article\" \/>\n<meta property=\"og:title\" content=\"V\u00eddeos - Tessa - Perfil Especial e Estrutura para Telhados de Qualidade\" \/>\n<meta property=\"og:description\" content=\"Conhe\u00e7a a Tessa: Tecnologia de ponta em a\u00e7o galvanizado. Mais de 200 mil obras realizadas com qualidade, entrega pontual e rigor t\u00e9cnico.\" \/>\n<meta property=\"og:url\" content=\"https:\/\/tessa.eng.br\/es\/videos\/\" \/>\n<meta property=\"og:site_name\" content=\"Tessa - Perfil Especial e Estrutura para Telhados de Qualidade\" \/>\n<meta property=\"article:publisher\" content=\"https:\/\/www.facebook.com\/tessa.eng.br\" \/>\n<meta property=\"article:modified_time\" content=\"2026-04-02T20:43:36+00:00\" \/>\n<meta name=\"twitter:card\" content=\"summary_large_image\" \/>\n<meta name=\"twitter:label1\" content=\"Tiempo de lectura\" \/>\n\t<meta name=\"twitter:data1\" content=\"1 minuto\" \/>\n<script type=\"application\/ld+json\" class=\"yoast-schema-graph\">{\"@context\":\"https:\/\/schema.org\",\"@graph\":[{\"@type\":\"WebPage\",\"@id\":\"https:\/\/tessa.eng.br\/videos\/\",\"url\":\"https:\/\/tessa.eng.br\/videos\/\",\"name\":\"V\u00eddeos - Tessa - Perfil Especial e Estrutura para Telhados de Qualidade\",\"isPartOf\":{\"@id\":\"https:\/\/tessa.eng.br\/#website\"},\"datePublished\":\"2026-01-13T13:35:55+00:00\",\"dateModified\":\"2026-04-02T20:43:36+00:00\",\"description\":\"Conhe\u00e7a a Tessa: Tecnologia de ponta em a\u00e7o galvanizado. Mais de 200 mil obras realizadas com qualidade, entrega pontual e rigor t\u00e9cnico.\",\"breadcrumb\":{\"@id\":\"https:\/\/tessa.eng.br\/videos\/#breadcrumb\"},\"inLanguage\":\"es-CO\",\"potentialAction\":[{\"@type\":\"ReadAction\",\"target\":[\"https:\/\/tessa.eng.br\/videos\/\"]}]},{\"@type\":\"BreadcrumbList\",\"@id\":\"https:\/\/tessa.eng.br\/videos\/#breadcrumb\",\"itemListElement\":[{\"@type\":\"ListItem\",\"position\":1,\"name\":\"In\u00edcio\",\"item\":\"https:\/\/tessa.eng.br\/\"},{\"@type\":\"ListItem\",\"position\":2,\"name\":\"V\u00eddeos\"}]},{\"@type\":\"WebSite\",\"@id\":\"https:\/\/tessa.eng.br\/#website\",\"url\":\"https:\/\/tessa.eng.br\/\",\"name\":\"Tessa - Perfil Especial e Estrutura para Telhados de Qualidade\",\"description\":\"\",\"publisher\":{\"@id\":\"https:\/\/tessa.eng.br\/#organization\"},\"potentialAction\":[{\"@type\":\"SearchAction\",\"target\":{\"@type\":\"EntryPoint\",\"urlTemplate\":\"https:\/\/tessa.eng.br\/?s={search_term_string}\"},\"query-input\":{\"@type\":\"PropertyValueSpecification\",\"valueRequired\":true,\"valueName\":\"search_term_string\"}}],\"inLanguage\":\"es-CO\"},{\"@type\":\"Organization\",\"@id\":\"https:\/\/tessa.eng.br\/#organization\",\"name\":\"Tessa - Perfil Especial e Estrutura para Telhados de Qualidade\",\"url\":\"https:\/\/tessa.eng.br\/\",\"logo\":{\"@type\":\"ImageObject\",\"inLanguage\":\"es-CO\",\"@id\":\"https:\/\/tessa.eng.br\/#\/schema\/logo\/image\/\",\"url\":\"https:\/\/tessa.eng.br\/wp-content\/uploads\/2025\/10\/Logo_Tessa.webp\",\"contentUrl\":\"https:\/\/tessa.eng.br\/wp-content\/uploads\/2025\/10\/Logo_Tessa.webp\",\"width\":142,\"height\":57,\"caption\":\"Tessa - Perfil Especial e Estrutura para Telhados de Qualidade\"},\"image\":{\"@id\":\"https:\/\/tessa.eng.br\/#\/schema\/logo\/image\/\"},\"sameAs\":[\"https:\/\/www.facebook.com\/tessa.eng.br\",\"https:\/\/www.instagram.com\/tessa.eng.br\/\"]}]}<\/script>\n<!-- \/ Yoast SEO plugin. -->","yoast_head_json":{"title":"V\u00eddeos - Tessa - Perfil Especial e Estrutura para Telhados de Qualidade","description":"Conhe\u00e7a a Tessa: Tecnologia de ponta em a\u00e7o galvanizado. Mais de 200 mil obras realizadas com qualidade, entrega pontual e rigor t\u00e9cnico.","robots":{"index":"index","follow":"follow","max-snippet":"max-snippet:-1","max-image-preview":"max-image-preview:large","max-video-preview":"max-video-preview:-1"},"canonical":"https:\/\/tessa.eng.br\/es\/videos\/","og_locale":"es_ES","og_type":"article","og_title":"V\u00eddeos - Tessa - Perfil Especial e Estrutura para Telhados de Qualidade","og_description":"Conhe\u00e7a a Tessa: Tecnologia de ponta em a\u00e7o galvanizado. Mais de 200 mil obras realizadas com qualidade, entrega pontual e rigor t\u00e9cnico.","og_url":"https:\/\/tessa.eng.br\/es\/videos\/","og_site_name":"Tessa - Perfil Especial e Estrutura para Telhados de Qualidade","article_publisher":"https:\/\/www.facebook.com\/tessa.eng.br","article_modified_time":"2026-04-02T20:43:36+00:00","twitter_card":"summary_large_image","twitter_misc":{"Tiempo de lectura":"1 minuto"},"schema":{"@context":"https:\/\/schema.org","@graph":[{"@type":"WebPage","@id":"https:\/\/tessa.eng.br\/videos\/","url":"https:\/\/tessa.eng.br\/videos\/","name":"V\u00eddeos - Tessa - Perfil Especial e Estrutura para Telhados de Qualidade","isPartOf":{"@id":"https:\/\/tessa.eng.br\/#website"},"datePublished":"2026-01-13T13:35:55+00:00","dateModified":"2026-04-02T20:43:36+00:00","description":"Conhe\u00e7a a Tessa: Tecnologia de ponta em a\u00e7o galvanizado. Mais de 200 mil obras realizadas com qualidade, entrega pontual e rigor t\u00e9cnico.","breadcrumb":{"@id":"https:\/\/tessa.eng.br\/videos\/#breadcrumb"},"inLanguage":"es-CO","potentialAction":[{"@type":"ReadAction","target":["https:\/\/tessa.eng.br\/videos\/"]}]},{"@type":"BreadcrumbList","@id":"https:\/\/tessa.eng.br\/videos\/#breadcrumb","itemListElement":[{"@type":"ListItem","position":1,"name":"In\u00edcio","item":"https:\/\/tessa.eng.br\/"},{"@type":"ListItem","position":2,"name":"V\u00eddeos"}]},{"@type":"WebSite","@id":"https:\/\/tessa.eng.br\/#website","url":"https:\/\/tessa.eng.br\/","name":"Tessa - Perfil Especial e Estrutura para Telhados de Qualidade","description":"","publisher":{"@id":"https:\/\/tessa.eng.br\/#organization"},"potentialAction":[{"@type":"SearchAction","target":{"@type":"EntryPoint","urlTemplate":"https:\/\/tessa.eng.br\/?s={search_term_string}"},"query-input":{"@type":"PropertyValueSpecification","valueRequired":true,"valueName":"search_term_string"}}],"inLanguage":"es-CO"},{"@type":"Organization","@id":"https:\/\/tessa.eng.br\/#organization","name":"Tessa - Perfil Especial e Estrutura para Telhados de Qualidade","url":"https:\/\/tessa.eng.br\/","logo":{"@type":"ImageObject","inLanguage":"es-CO","@id":"https:\/\/tessa.eng.br\/#\/schema\/logo\/image\/","url":"https:\/\/tessa.eng.br\/wp-content\/uploads\/2025\/10\/Logo_Tessa.webp","contentUrl":"https:\/\/tessa.eng.br\/wp-content\/uploads\/2025\/10\/Logo_Tessa.webp","width":142,"height":57,"caption":"Tessa - Perfil Especial e Estrutura para Telhados de Qualidade"},"image":{"@id":"https:\/\/tessa.eng.br\/#\/schema\/logo\/image\/"},"sameAs":["https:\/\/www.facebook.com\/tessa.eng.br","https:\/\/www.instagram.com\/tessa.eng.br\/"]}]}},"_links":{"self":[{"href":"https:\/\/tessa.eng.br\/es\/wp-json\/wp\/v2\/pages\/2518","targetHints":{"allow":["GET"]}}],"collection":[{"href":"https:\/\/tessa.eng.br\/es\/wp-json\/wp\/v2\/pages"}],"about":[{"href":"https:\/\/tessa.eng.br\/es\/wp-json\/wp\/v2\/types\/page"}],"author":[{"embeddable":true,"href":"https:\/\/tessa.eng.br\/es\/wp-json\/wp\/v2\/users\/1"}],"replies":[{"embeddable":true,"href":"https:\/\/tessa.eng.br\/es\/wp-json\/wp\/v2\/comments?post=2518"}],"version-history":[{"count":22,"href":"https:\/\/tessa.eng.br\/es\/wp-json\/wp\/v2\/pages\/2518\/revisions"}],"predecessor-version":[{"id":2645,"href":"https:\/\/tessa.eng.br\/es\/wp-json\/wp\/v2\/pages\/2518\/revisions\/2645"}],"wp:attachment":[{"href":"https:\/\/tessa.eng.br\/es\/wp-json\/wp\/v2\/media?parent=2518"}],"curies":[{"name":"wp","href":"https:\/\/api.w.org\/{rel}","templated":true}]}}