{"id":495,"date":"2025-10-06T16:26:37","date_gmt":"2025-10-06T19:26:37","guid":{"rendered":"https:\/\/tessa.eng.br\/?page_id=495"},"modified":"2025-11-25T10:28:51","modified_gmt":"2025-11-25T13:28:51","slug":"estruturas-de-aviario","status":"publish","type":"page","link":"https:\/\/tessa.eng.br\/es\/estruturas-de-aviario\/","title":{"rendered":"Estructuras para av\u00edcolas"},"content":{"rendered":"<div data-elementor-type=\"wp-page\" data-elementor-id=\"495\" class=\"elementor elementor-495\">\n\t\t\t\t<div class=\"elementor-element elementor-element-724555e e-flex e-con-boxed wpr-particle-no wpr-jarallax-no wpr-parallax-no wpr-sticky-section-no e-con e-parent\" data-id=\"724555e\" data-element_type=\"container\" data-settings=\"{&quot;background_background&quot;:&quot;classic&quot;}\">\n\t\t\t\t\t<div class=\"e-con-inner\">\n\t\t\t\t<div class=\"elementor-element elementor-element-b2b0e1c elementor-widget elementor-widget-heading\" data-id=\"b2b0e1c\" data-element_type=\"widget\" data-widget_type=\"heading.default\">\n\t\t\t\t\t<h1 class=\"elementor-heading-title elementor-size-default\">Estructuras para av\u00edcolas<\/h1>\t\t\t\t<\/div>\n\t\t\t\t\t<\/div>\n\t\t\t\t<\/div>\n\t\t<div class=\"elementor-element elementor-element-204e447 e-flex e-con-boxed wpr-particle-no wpr-jarallax-no wpr-parallax-no wpr-sticky-section-no e-con e-parent\" data-id=\"204e447\" data-element_type=\"container\">\n\t\t\t\t\t<div class=\"e-con-inner\">\n\t\t<div class=\"elementor-element elementor-element-c730ef2 e-con-full e-flex wpr-particle-no wpr-jarallax-no wpr-parallax-no wpr-sticky-section-no e-con e-child\" data-id=\"c730ef2\" data-element_type=\"container\">\n\t\t\t\t<div class=\"elementor-element elementor-element-7b94793 elementor-widget elementor-widget-heading\" data-id=\"7b94793\" data-element_type=\"widget\" data-widget_type=\"heading.default\">\n\t\t\t\t\t<h2 class=\"elementor-heading-title elementor-size-default\">Tessa, experta en proyectos de galpones<\/h2>\t\t\t\t<\/div>\n\t\t\t\t<div class=\"elementor-element elementor-element-4b0457e elementor-widget-divider--view-line elementor-widget elementor-widget-divider\" data-id=\"4b0457e\" data-element_type=\"widget\" data-widget_type=\"divider.default\">\n\t\t\t\t\t\t\t<div class=\"elementor-divider\">\n\t\t\t<span class=\"elementor-divider-separator\">\n\t\t\t\t\t\t<\/span>\n\t\t<\/div>\n\t\t\t\t\t\t<\/div>\n\t\t\t\t<div class=\"elementor-element elementor-element-a996a13 elementor-widget elementor-widget-text-editor\" data-id=\"a996a13\" data-element_type=\"widget\" data-widget_type=\"text-editor.default\">\n\t\t\t\t\t\t\t\t\t<p>Alta calidad y mayor durabilidad en la estructura de su aviario.<\/p>\t\t\t\t\t\t\t\t<\/div>\n\t\t\t\t<\/div>\n\t\t\t\t\t<\/div>\n\t\t\t\t<\/div>\n\t\t<div class=\"elementor-element elementor-element-01ca434 e-flex e-con-boxed wpr-particle-no wpr-jarallax-no wpr-parallax-no wpr-sticky-section-no e-con e-parent\" data-id=\"01ca434\" data-element_type=\"container\" data-settings=\"{&quot;background_background&quot;:&quot;classic&quot;}\">\n\t\t\t\t\t<div class=\"e-con-inner\">\n\t\t<div class=\"elementor-element elementor-element-5a48d7a e-con-full e-flex wpr-particle-no wpr-jarallax-no wpr-parallax-no wpr-sticky-section-no e-con e-child\" data-id=\"5a48d7a\" data-element_type=\"container\">\n\t\t\t\t<div class=\"elementor-element elementor-element-2352f4f elementor-widget elementor-widget-heading\" data-id=\"2352f4f\" data-element_type=\"widget\" data-widget_type=\"heading.default\">\n\t\t\t\t\t<h2 class=\"elementor-heading-title elementor-size-default\">Alta calidad y resistencia<\/h2>\t\t\t\t<\/div>\n\t\t\t\t<div class=\"elementor-element elementor-element-8b71e3e elementor-widget elementor-widget-text-editor\" data-id=\"8b71e3e\" data-element_type=\"widget\" data-widget_type=\"text-editor.default\">\n\t\t\t\t\t\t\t\t\t<p>Tessa ofrece galpones av\u00edcolas de alta calidad y resistencia, dise\u00f1ados por ingenieros especializados para optimizar recursos y costos. Las estructuras de acero galvanizado garantizan una durabilidad de m\u00e1s de 60 a\u00f1os y alta resistencia a la corrosi\u00f3n.\nCon el uso de kits de montaje, Tessa proporciona una soluci\u00f3n completa y econ\u00f3mica, permitiendo una instalaci\u00f3n r\u00e1pida y eficiente, lo que se traduce en ahorro de tiempo y dinero para los avicultores.<\/p>\t\t\t\t\t\t\t\t<\/div>\n\t\t\t\t<\/div>\n\t\t<div class=\"elementor-element elementor-element-3d5a472 e-con-full elementor-hidden-tablet elementor-hidden-mobile e-flex wpr-particle-no wpr-jarallax-no wpr-parallax-no wpr-sticky-section-no e-con e-child\" data-id=\"3d5a472\" data-element_type=\"container\">\n\t\t\t\t<\/div>\n\t\t\t\t\t<\/div>\n\t\t\t\t<\/div>\n\t\t<div class=\"elementor-element elementor-element-95d89ca e-flex e-con-boxed wpr-particle-no wpr-jarallax-no wpr-parallax-no wpr-sticky-section-no e-con e-parent\" data-id=\"95d89ca\" data-element_type=\"container\">\n\t\t\t\t\t<div class=\"e-con-inner\">\n\t\t<div class=\"elementor-element elementor-element-49e1cb3 e-con-full e-flex wpr-particle-no wpr-jarallax-no wpr-parallax-no wpr-sticky-section-no e-con e-child\" data-id=\"49e1cb3\" data-element_type=\"container\">\n\t\t\t\t<div class=\"elementor-element elementor-element-d0f2e81 elementor-widget elementor-widget-heading\" data-id=\"d0f2e81\" data-element_type=\"widget\" data-widget_type=\"heading.default\">\n\t\t\t\t\t<h2 class=\"elementor-heading-title elementor-size-default\">Video sobre el <br \/>Galp\u00f3n Av\u00edcola<\/h2>\t\t\t\t<\/div>\n\t\t\t\t<div class=\"elementor-element elementor-element-10e1311 elementor-widget-divider--view-line elementor-widget elementor-widget-divider\" data-id=\"10e1311\" data-element_type=\"widget\" data-widget_type=\"divider.default\">\n\t\t\t\t\t\t\t<div class=\"elementor-divider\">\n\t\t\t<span class=\"elementor-divider-separator\">\n\t\t\t\t\t\t<\/span>\n\t\t<\/div>\n\t\t\t\t\t\t<\/div>\n\t\t\t\t<div class=\"elementor-element elementor-element-255891c remove_br_mobile remove_br_tablet elementor-widget elementor-widget-text-editor\" data-id=\"255891c\" data-element_type=\"widget\" data-widget_type=\"text-editor.default\">\n\t\t\t\t\t\t\t\t\t<p>Haz clic para conocer nuestra industria y descubrir detalles <br \/>sobre la producci\u00f3n de nuestros Galpones Av\u00edcolas.<\/p>\t\t\t\t\t\t\t\t<\/div>\n\t\t\t\t<\/div>\n\t\t<div class=\"elementor-element elementor-element-93eb5d4 e-con-full e-flex wpr-particle-no wpr-jarallax-no wpr-parallax-no wpr-sticky-section-no e-con e-child\" data-id=\"93eb5d4\" data-element_type=\"container\">\n\t\t\t\t<div class=\"elementor-element elementor-element-b5b5b53 elementor-widget elementor-widget-shortcode\" data-id=\"b5b5b53\" data-element_type=\"widget\" data-widget_type=\"shortcode.default\">\n\t\t\t\t\t\t\t<div class=\"elementor-shortcode\">\n\n\n<iframe width=\"560\" height=\"315\" src=\"https:\/\/www.youtube.com\/embed\/Qaz40Yh9NWk?si=4c_jLEw1i5t73a9E\" title=\"YouTube video player\" frameborder=\"0\" allow=\"accelerometer; autoplay; clipboard-write; encrypted-media; gyroscope; picture-in-picture; web-share\" referrerpolicy=\"strict-origin-when-cross-origin\" allowfullscreen><\/iframe>\n<\/div>\n\t\t\t\t\t\t<\/div>\n\t\t\t\t<\/div>\n\t\t\t\t\t<\/div>\n\t\t\t\t<\/div>\n\t\t<div class=\"elementor-element elementor-element-f81b570 e-flex e-con-boxed wpr-particle-no wpr-jarallax-no wpr-parallax-no wpr-sticky-section-no e-con e-parent\" data-id=\"f81b570\" data-element_type=\"container\" data-settings=\"{&quot;background_background&quot;:&quot;classic&quot;}\">\n\t\t\t\t\t<div class=\"e-con-inner\">\n\t\t\t\t\t<\/div>\n\t\t\t\t<\/div>\n\t\t<div class=\"elementor-element elementor-element-2563e78 e-flex e-con-boxed wpr-particle-no wpr-jarallax-no wpr-parallax-no wpr-sticky-section-no e-con e-parent\" data-id=\"2563e78\" data-element_type=\"container\">\n\t\t\t\t\t<div class=\"e-con-inner\">\n\t\t<div class=\"elementor-element elementor-element-cb356e2 e-con-full e-flex wpr-particle-no wpr-jarallax-no wpr-parallax-no wpr-sticky-section-no e-con e-child\" data-id=\"cb356e2\" data-element_type=\"container\">\n\t\t\t\t<div class=\"elementor-element elementor-element-9aa334d elementor-widget elementor-widget-heading\" data-id=\"9aa334d\" data-element_type=\"widget\" data-widget_type=\"heading.default\">\n\t\t\t\t\t<h2 class=\"elementor-heading-title elementor-size-default\">\u00bfC\u00f3mo se realiza la viabilizaci\u00f3n del proyecto?<\/h2>\t\t\t\t<\/div>\n\t\t\t\t<div class=\"elementor-element elementor-element-417ba39 elementor-widget elementor-widget-text-editor\" data-id=\"417ba39\" data-element_type=\"widget\" data-widget_type=\"text-editor.default\">\n\t\t\t\t\t\t\t\t\t<p>La viabilizaci\u00f3n del proyecto se lleva a cabo mediante una planificaci\u00f3n t\u00e9cnica realizada por ingenieros especializados. Ellos estudian y proponen las mejores soluciones, incorporando innovaci\u00f3n y tecnolog\u00eda en todas las etapas.<\/p>\t\t\t\t\t\t\t\t<\/div>\n\t\t\t\t<div class=\"elementor-element elementor-element-57b3cfb elementor-widget elementor-widget-heading\" data-id=\"57b3cfb\" data-element_type=\"widget\" data-widget_type=\"heading.default\">\n\t\t\t\t\t<h2 class=\"elementor-heading-title elementor-size-default\">\u00bfCu\u00e1les son los beneficios del galp\u00f3n de Tessa?<\/h2>\t\t\t\t<\/div>\n\t\t\t\t<div class=\"elementor-element elementor-element-f393c76 elementor-widget elementor-widget-text-editor\" data-id=\"f393c76\" data-element_type=\"widget\" data-widget_type=\"text-editor.default\">\n\t\t\t\t\t\t\t\t\t<p>El galp\u00f3n de Tessa ofrece una serie de beneficios para los productores rurales del sector av\u00edcola. Est\u00e1 fabricado con materiales de alta calidad, como el acero galvanizado, lo que proporciona durabilidad y resistencia.<br \/><br \/>El uso de kits de montaje de Tessa permite una gesti\u00f3n eficiente y una instalaci\u00f3n r\u00e1pida de los galpones, lo que reduce significativamente los costos de instalaci\u00f3n. Esto proporciona\nahorro de tiempo y dinero para los avicultores.<br \/><br \/>Adem\u00e1s, Tessa aplica un riguroso control de calidad en todas las etapas del proceso de fabricaci\u00f3n. La experiencia de los ingenieros especializados garantiza proyectos de alta calidad, ofreciendo a los clientes un producto con excelente relaci\u00f3n costo-beneficio.<\/p>\t\t\t\t\t\t\t\t<\/div>\n\t\t\t\t<\/div>\n\t\t<div class=\"elementor-element elementor-element-c7a8fbf e-con-full e-flex wpr-particle-no wpr-jarallax-no wpr-parallax-no wpr-sticky-section-no e-con e-child\" data-id=\"c7a8fbf\" data-element_type=\"container\">\n\t\t\t\t<div class=\"elementor-element elementor-element-115026a elementor-icon-list--layout-traditional elementor-list-item-link-full_width elementor-widget elementor-widget-icon-list\" data-id=\"115026a\" data-element_type=\"widget\" data-widget_type=\"icon-list.default\">\n\t\t\t\t\t\t\t<ul class=\"elementor-icon-list-items\">\n\t\t\t\t\t\t\t<li class=\"elementor-icon-list-item\">\n\t\t\t\t\t\t\t\t\t\t\t<span class=\"elementor-icon-list-icon\">\n\t\t\t\t\t\t\t<svg aria-hidden=\"true\" class=\"e-font-icon-svg e-fas-check\" viewbox=\"0 0 512 512\" xmlns=\"http:\/\/www.w3.org\/2000\/svg\"><path d=\"M173.898 439.404l-166.4-166.4c-9.997-9.997-9.997-26.206 0-36.204l36.203-36.204c9.997-9.998 26.207-9.998 36.204 0L192 312.69 432.095 72.596c9.997-9.997 26.207-9.997 36.204 0l36.203 36.204c9.997 9.997 9.997 26.206 0 36.204l-294.4 294.401c-9.998 9.997-26.207 9.997-36.204-.001z\"><\/path><\/svg>\t\t\t\t\t\t<\/span>\n\t\t\t\t\t\t\t\t\t\t<span class=\"elementor-icon-list-text\">Estructura de acero galvanizado<\/span>\n\t\t\t\t\t\t\t\t\t<\/li>\n\t\t\t\t\t\t\t\t<li class=\"elementor-icon-list-item\">\n\t\t\t\t\t\t\t\t\t\t\t<span class=\"elementor-icon-list-icon\">\n\t\t\t\t\t\t\t<svg aria-hidden=\"true\" class=\"e-font-icon-svg e-fas-check\" viewbox=\"0 0 512 512\" xmlns=\"http:\/\/www.w3.org\/2000\/svg\"><path d=\"M173.898 439.404l-166.4-166.4c-9.997-9.997-9.997-26.206 0-36.204l36.203-36.204c9.997-9.998 26.207-9.998 36.204 0L192 312.69 432.095 72.596c9.997-9.997 26.207-9.997 36.204 0l36.203 36.204c9.997 9.997 9.997 26.206 0 36.204l-294.4 294.401c-9.998 9.997-26.207 9.997-36.204-.001z\"><\/path><\/svg>\t\t\t\t\t\t<\/span>\n\t\t\t\t\t\t\t\t\t\t<span class=\"elementor-icon-list-text\">Mejor relaci\u00f3n costo-beneficio<\/span>\n\t\t\t\t\t\t\t\t\t<\/li>\n\t\t\t\t\t\t\t\t<li class=\"elementor-icon-list-item\">\n\t\t\t\t\t\t\t\t\t\t\t<span class=\"elementor-icon-list-icon\">\n\t\t\t\t\t\t\t<svg aria-hidden=\"true\" class=\"e-font-icon-svg e-fas-check\" viewbox=\"0 0 512 512\" xmlns=\"http:\/\/www.w3.org\/2000\/svg\"><path d=\"M173.898 439.404l-166.4-166.4c-9.997-9.997-9.997-26.206 0-36.204l36.203-36.204c9.997-9.998 26.207-9.998 36.204 0L192 312.69 432.095 72.596c9.997-9.997 26.207-9.997 36.204 0l36.203 36.204c9.997 9.997 9.997 26.206 0 36.204l-294.4 294.401c-9.998 9.997-26.207 9.997-36.204-.001z\"><\/path><\/svg>\t\t\t\t\t\t<\/span>\n\t\t\t\t\t\t\t\t\t\t<span class=\"elementor-icon-list-text\">Rigurosos controles de calidad<\/span>\n\t\t\t\t\t\t\t\t\t<\/li>\n\t\t\t\t\t\t\t\t<li class=\"elementor-icon-list-item\">\n\t\t\t\t\t\t\t\t\t\t\t<span class=\"elementor-icon-list-icon\">\n\t\t\t\t\t\t\t<svg aria-hidden=\"true\" class=\"e-font-icon-svg e-fas-check\" viewbox=\"0 0 512 512\" xmlns=\"http:\/\/www.w3.org\/2000\/svg\"><path d=\"M173.898 439.404l-166.4-166.4c-9.997-9.997-9.997-26.206 0-36.204l36.203-36.204c9.997-9.998 26.207-9.998 36.204 0L192 312.69 432.095 72.596c9.997-9.997 26.207-9.997 36.204 0l36.203 36.204c9.997 9.997 9.997 26.206 0 36.204l-294.4 294.401c-9.998 9.997-26.207 9.997-36.204-.001z\"><\/path><\/svg>\t\t\t\t\t\t<\/span>\n\t\t\t\t\t\t\t\t\t\t<span class=\"elementor-icon-list-text\">Hecho por especialistas<\/span>\n\t\t\t\t\t\t\t\t\t<\/li>\n\t\t\t\t\t\t<\/ul>\n\t\t\t\t\t\t<\/div>\n\t\t\t\t<\/div>\n\t\t\t\t\t<\/div>\n\t\t\t\t<\/div>\n\t\t\t\t<\/div>","protected":false},"excerpt":{"rendered":"<p>Estruturas de Avi\u00e1rio Tessa, Especialista em Projetos de Estruturas Alta qualidade e maior durabilidade na estrutura do seu avi\u00e1rio. Alta qualidade e resist\u00eancia A Tessa oferece estruturas av\u00edcolas de alta qualidade e resist\u00eancia, projetados por engenheiros especializados para otimizar recursos e custos. As estruturas em a\u00e7o galvanizado garantem durabilidade de mais de 60 anos e alta resist\u00eancia \u00e0 corros\u00e3o. Com o uso de kits de montagem, a Tessa proporciona uma solu\u00e7\u00e3o completa e econ\u00f4mica, permitindo uma montagem r\u00e1pida e eficiente, resultando em economia de tempo e dinheiro para os avicultores. Conhe\u00e7a mais sobre as Estruturas Av\u00edcolas Clique para conhecer nossa ind\u00fastria e descubra detalhes sobre a produ\u00e7\u00e3o das nossas estruturas para avi\u00e1rios. Como \u00e9 feita a viabiliza\u00e7\u00e3o do projeto? A viabiliza\u00e7\u00e3o do projeto \u00e9 realizada atrav\u00e9s do planejamento t\u00e9cnico feito por engenheiros especializados. Eles estudam e prop\u00f5em as melhores solu\u00e7\u00f5es, incorporando inova\u00e7\u00e3o e tecnologia em todas as etapas. Quais os benef\u00edcios da estrutura da Tessa? A estrutura para avi\u00e1rios da Tessa oferece uma s\u00e9rie de benef\u00edcios para os produtores rurais do segmento av\u00edcola. Ela \u00e9 fabricada com materiais de alta qualidade, como o a\u00e7o galvanizado, proporcionando durabilidade e resist\u00eancia. A utiliza\u00e7\u00e3o de kits de montagem pela Tessa permite um manejo eficiente e uma montagem r\u00e1pida das estruturas, o que reduz significativamente os custos de instala\u00e7\u00e3o. Isso proporciona economia de tempo e dinheiro para os avicultores. Al\u00e9m disso, a Tessa emprega um rigoroso controle de qualidade em todas as etapas do processo de fabrica\u00e7\u00e3o. A expertise dos engenheiros especializados garante projetos de alta qualidade, oferecendo aos clientes um produto com excelente custo-benef\u00edcio. Estrutura de a\u00e7o galvanizado Melhor custo-benef\u00edcio Rigoroso controle de qualidade Feito por especialistas<\/p>","protected":false},"author":1,"featured_media":0,"parent":0,"menu_order":0,"comment_status":"closed","ping_status":"closed","template":"elementor_header_footer","meta":{"footnotes":""},"class_list":["post-495","page","type-page","status-publish","hentry"],"yoast_head":"<!-- This site is optimized with the Yoast SEO plugin v26.5 - https:\/\/yoast.com\/wordpress\/plugins\/seo\/ -->\n<title>Estruturas para Avi\u00e1rios e Avicultura | Tessa<\/title>\n<meta name=\"description\" content=\"Tessa: Galp\u00f5es para Avicultura em a\u00e7o galvanizado (Z275 e Magnelis\u00ae). Estruturas resistentes que reduzem o tempo de constru\u00e7\u00e3o do seu avi\u00e1rio.\" \/>\n<meta name=\"robots\" content=\"index, follow, max-snippet:-1, max-image-preview:large, max-video-preview:-1\" \/>\n<link rel=\"canonical\" href=\"https:\/\/tessa.eng.br\/es\/estruturas-de-aviario\/\" \/>\n<meta property=\"og:locale\" content=\"es_ES\" \/>\n<meta property=\"og:type\" content=\"article\" \/>\n<meta property=\"og:title\" content=\"Estruturas para Avi\u00e1rios e Avicultura | Tessa\" \/>\n<meta property=\"og:description\" content=\"Tessa: Galp\u00f5es para Avicultura em a\u00e7o galvanizado (Z275 e Magnelis\u00ae). Estruturas resistentes que reduzem o tempo de constru\u00e7\u00e3o do seu avi\u00e1rio.\" \/>\n<meta property=\"og:url\" content=\"https:\/\/tessa.eng.br\/es\/estruturas-de-aviario\/\" \/>\n<meta property=\"og:site_name\" content=\"Tessa - Perfil Especial e Estrutura para Telhados de Qualidade\" \/>\n<meta property=\"article:publisher\" content=\"https:\/\/www.facebook.com\/tessa.eng.br\" \/>\n<meta property=\"article:modified_time\" content=\"2025-11-25T13:28:51+00:00\" \/>\n<meta name=\"twitter:card\" content=\"summary_large_image\" \/>\n<meta name=\"twitter:label1\" content=\"Tiempo de lectura\" \/>\n\t<meta name=\"twitter:data1\" content=\"2 minutos\" \/>\n<script type=\"application\/ld+json\" class=\"yoast-schema-graph\">{\"@context\":\"https:\/\/schema.org\",\"@graph\":[{\"@type\":\"WebPage\",\"@id\":\"https:\/\/tessa.eng.br\/estruturas-de-aviario\/\",\"url\":\"https:\/\/tessa.eng.br\/estruturas-de-aviario\/\",\"name\":\"Estruturas para Avi\u00e1rios e Avicultura | Tessa\",\"isPartOf\":{\"@id\":\"https:\/\/tessa.eng.br\/#website\"},\"datePublished\":\"2025-10-06T19:26:37+00:00\",\"dateModified\":\"2025-11-25T13:28:51+00:00\",\"description\":\"Tessa: Galp\u00f5es para Avicultura em a\u00e7o galvanizado (Z275 e Magnelis\u00ae). Estruturas resistentes que reduzem o tempo de constru\u00e7\u00e3o do seu avi\u00e1rio.\",\"breadcrumb\":{\"@id\":\"https:\/\/tessa.eng.br\/estruturas-de-aviario\/#breadcrumb\"},\"inLanguage\":\"es-CO\",\"potentialAction\":[{\"@type\":\"ReadAction\",\"target\":[\"https:\/\/tessa.eng.br\/estruturas-de-aviario\/\"]}]},{\"@type\":\"BreadcrumbList\",\"@id\":\"https:\/\/tessa.eng.br\/estruturas-de-aviario\/#breadcrumb\",\"itemListElement\":[{\"@type\":\"ListItem\",\"position\":1,\"name\":\"In\u00edcio\",\"item\":\"https:\/\/tessa.eng.br\/\"},{\"@type\":\"ListItem\",\"position\":2,\"name\":\"Estruturas de Avi\u00e1rio\"}]},{\"@type\":\"WebSite\",\"@id\":\"https:\/\/tessa.eng.br\/#website\",\"url\":\"https:\/\/tessa.eng.br\/\",\"name\":\"Tessa - Perfil Especial e Estrutura para Telhados de Qualidade\",\"description\":\"\",\"publisher\":{\"@id\":\"https:\/\/tessa.eng.br\/#organization\"},\"potentialAction\":[{\"@type\":\"SearchAction\",\"target\":{\"@type\":\"EntryPoint\",\"urlTemplate\":\"https:\/\/tessa.eng.br\/?s={search_term_string}\"},\"query-input\":{\"@type\":\"PropertyValueSpecification\",\"valueRequired\":true,\"valueName\":\"search_term_string\"}}],\"inLanguage\":\"es-CO\"},{\"@type\":\"Organization\",\"@id\":\"https:\/\/tessa.eng.br\/#organization\",\"name\":\"Tessa - Perfil Especial e Estrutura para Telhados de Qualidade\",\"url\":\"https:\/\/tessa.eng.br\/\",\"logo\":{\"@type\":\"ImageObject\",\"inLanguage\":\"es-CO\",\"@id\":\"https:\/\/tessa.eng.br\/#\/schema\/logo\/image\/\",\"url\":\"https:\/\/tessa.eng.br\/wp-content\/uploads\/2025\/10\/Logo_Tessa.webp\",\"contentUrl\":\"https:\/\/tessa.eng.br\/wp-content\/uploads\/2025\/10\/Logo_Tessa.webp\",\"width\":142,\"height\":57,\"caption\":\"Tessa - Perfil Especial e Estrutura para Telhados de Qualidade\"},\"image\":{\"@id\":\"https:\/\/tessa.eng.br\/#\/schema\/logo\/image\/\"},\"sameAs\":[\"https:\/\/www.facebook.com\/tessa.eng.br\",\"https:\/\/www.instagram.com\/tessa.eng.br\/\"]}]}<\/script>\n<!-- \/ Yoast SEO plugin. -->","yoast_head_json":{"title":"Estruturas para Avi\u00e1rios e Avicultura | Tessa","description":"Tessa: Galp\u00f5es para Avicultura em a\u00e7o galvanizado (Z275 e Magnelis\u00ae). Estruturas resistentes que reduzem o tempo de constru\u00e7\u00e3o do seu avi\u00e1rio.","robots":{"index":"index","follow":"follow","max-snippet":"max-snippet:-1","max-image-preview":"max-image-preview:large","max-video-preview":"max-video-preview:-1"},"canonical":"https:\/\/tessa.eng.br\/es\/estruturas-de-aviario\/","og_locale":"es_ES","og_type":"article","og_title":"Estruturas para Avi\u00e1rios e Avicultura | Tessa","og_description":"Tessa: Galp\u00f5es para Avicultura em a\u00e7o galvanizado (Z275 e Magnelis\u00ae). Estruturas resistentes que reduzem o tempo de constru\u00e7\u00e3o do seu avi\u00e1rio.","og_url":"https:\/\/tessa.eng.br\/es\/estruturas-de-aviario\/","og_site_name":"Tessa - Perfil Especial e Estrutura para Telhados de Qualidade","article_publisher":"https:\/\/www.facebook.com\/tessa.eng.br","article_modified_time":"2025-11-25T13:28:51+00:00","twitter_card":"summary_large_image","twitter_misc":{"Tiempo de lectura":"2 minutos"},"schema":{"@context":"https:\/\/schema.org","@graph":[{"@type":"WebPage","@id":"https:\/\/tessa.eng.br\/estruturas-de-aviario\/","url":"https:\/\/tessa.eng.br\/estruturas-de-aviario\/","name":"Estruturas para Avi\u00e1rios e Avicultura | Tessa","isPartOf":{"@id":"https:\/\/tessa.eng.br\/#website"},"datePublished":"2025-10-06T19:26:37+00:00","dateModified":"2025-11-25T13:28:51+00:00","description":"Tessa: Galp\u00f5es para Avicultura em a\u00e7o galvanizado (Z275 e Magnelis\u00ae). Estruturas resistentes que reduzem o tempo de constru\u00e7\u00e3o do seu avi\u00e1rio.","breadcrumb":{"@id":"https:\/\/tessa.eng.br\/estruturas-de-aviario\/#breadcrumb"},"inLanguage":"es-CO","potentialAction":[{"@type":"ReadAction","target":["https:\/\/tessa.eng.br\/estruturas-de-aviario\/"]}]},{"@type":"BreadcrumbList","@id":"https:\/\/tessa.eng.br\/estruturas-de-aviario\/#breadcrumb","itemListElement":[{"@type":"ListItem","position":1,"name":"In\u00edcio","item":"https:\/\/tessa.eng.br\/"},{"@type":"ListItem","position":2,"name":"Estruturas de Avi\u00e1rio"}]},{"@type":"WebSite","@id":"https:\/\/tessa.eng.br\/#website","url":"https:\/\/tessa.eng.br\/","name":"Tessa - Perfil Especial e Estrutura para Telhados de Qualidade","description":"","publisher":{"@id":"https:\/\/tessa.eng.br\/#organization"},"potentialAction":[{"@type":"SearchAction","target":{"@type":"EntryPoint","urlTemplate":"https:\/\/tessa.eng.br\/?s={search_term_string}"},"query-input":{"@type":"PropertyValueSpecification","valueRequired":true,"valueName":"search_term_string"}}],"inLanguage":"es-CO"},{"@type":"Organization","@id":"https:\/\/tessa.eng.br\/#organization","name":"Tessa - Perfil Especial e Estrutura para Telhados de Qualidade","url":"https:\/\/tessa.eng.br\/","logo":{"@type":"ImageObject","inLanguage":"es-CO","@id":"https:\/\/tessa.eng.br\/#\/schema\/logo\/image\/","url":"https:\/\/tessa.eng.br\/wp-content\/uploads\/2025\/10\/Logo_Tessa.webp","contentUrl":"https:\/\/tessa.eng.br\/wp-content\/uploads\/2025\/10\/Logo_Tessa.webp","width":142,"height":57,"caption":"Tessa - Perfil Especial e Estrutura para Telhados de Qualidade"},"image":{"@id":"https:\/\/tessa.eng.br\/#\/schema\/logo\/image\/"},"sameAs":["https:\/\/www.facebook.com\/tessa.eng.br","https:\/\/www.instagram.com\/tessa.eng.br\/"]}]}},"_links":{"self":[{"href":"https:\/\/tessa.eng.br\/es\/wp-json\/wp\/v2\/pages\/495","targetHints":{"allow":["GET"]}}],"collection":[{"href":"https:\/\/tessa.eng.br\/es\/wp-json\/wp\/v2\/pages"}],"about":[{"href":"https:\/\/tessa.eng.br\/es\/wp-json\/wp\/v2\/types\/page"}],"author":[{"embeddable":true,"href":"https:\/\/tessa.eng.br\/es\/wp-json\/wp\/v2\/users\/1"}],"replies":[{"embeddable":true,"href":"https:\/\/tessa.eng.br\/es\/wp-json\/wp\/v2\/comments?post=495"}],"version-history":[{"count":62,"href":"https:\/\/tessa.eng.br\/es\/wp-json\/wp\/v2\/pages\/495\/revisions"}],"predecessor-version":[{"id":2388,"href":"https:\/\/tessa.eng.br\/es\/wp-json\/wp\/v2\/pages\/495\/revisions\/2388"}],"wp:attachment":[{"href":"https:\/\/tessa.eng.br\/es\/wp-json\/wp\/v2\/media?parent=495"}],"curies":[{"name":"wp","href":"https:\/\/api.w.org\/{rel}","templated":true}]}}